{"id":27,"date":"2026-04-09T15:17:13","date_gmt":"2026-04-09T15:17:13","guid":{"rendered":"https:\/\/tmpinternationalglobal.com\/about\/"},"modified":"2026-04-15T05:34:19","modified_gmt":"2026-04-15T05:34:19","slug":"about-us","status":"publish","type":"page","link":"https:\/\/tmpinternationalglobal.com\/es\/about-us\/","title":{"rendered":"Sobre Nosotros"},"content":{"rendered":"<div class=\"wp-block-group alignfull is-style-ext-preset--group--natural-1--section has-background-background-color has-background has-global-padding is-layout-constrained wp-block-group-is-layout-constrained is-style-ext-preset--group--natural-1--section--1\" id=\"about\" style=\"margin-top:0;margin-bottom:0;padding-top:var(--wp--preset--spacing--70);padding-bottom:var(--wp--preset--spacing--70)\">\n<div class=\"wp-block-columns alignwide are-vertically-aligned-center is-layout-flex wp-container-core-columns-is-layout-174606dc wp-block-columns-is-layout-flex\">\n<div class=\"wp-block-column is-vertically-aligned-center is-layout-flow wp-block-column-is-layout-flow\">\n<h2 class=\"wp-block-heading ext-animate--on\"><strong>Nuestra Misi\u00f3n<\/strong><\/h2>\n\n\n\n<p class=\"ext-animate--on\" style=\"margin-top:1.5rem\">En TMP International Global creemos que viajar no se trata solo de visitar lugares, sino de vivir experiencias que se quedan en el coraz\u00f3n. Nuestra misi\u00f3n es ofrecer tours urbanos \u00fanicos en Estados Unidos, conectando a nuestros clientes con la cultura, la historia y la esencia de cada ciudad.<\/p>\n<\/div>\n\n\n\n<div class=\"wp-block-column is-vertically-aligned-center is-layout-flow wp-block-column-is-layout-flow\">\n<figure class=\"wp-block-image size-large is-style-ext-preset--image--natural-1--image-1--content-left ext-animate--on extendify-image-import is-style-ext-preset--image--natural-1--image-1--content-left--2\"><img loading=\"lazy\" decoding=\"async\" width=\"1024\" height=\"576\" src=\"https:\/\/tmpinternationalglobal.com\/wp-content\/uploads\/2026\/04\/Disney-World-3-1024x576.webp\" alt=\"\" class=\"wp-image-121\" style=\"aspect-ratio:1;object-fit:cover\" srcset=\"https:\/\/tmpinternationalglobal.com\/wp-content\/uploads\/2026\/04\/Disney-World-3-1024x576.webp 1024w, https:\/\/tmpinternationalglobal.com\/wp-content\/uploads\/2026\/04\/Disney-World-3-300x169.webp 300w, https:\/\/tmpinternationalglobal.com\/wp-content\/uploads\/2026\/04\/Disney-World-3-768x432.webp 768w, https:\/\/tmpinternationalglobal.com\/wp-content\/uploads\/2026\/04\/Disney-World-3-18x10.webp 18w, https:\/\/tmpinternationalglobal.com\/wp-content\/uploads\/2026\/04\/Disney-World-3.webp 1265w\" sizes=\"auto, (max-width: 1024px) 100vw, 1024px\" \/><\/figure>\n<\/div>\n<\/div>\n<\/div>\n\n\n\n<div class=\"wp-block-group alignfull is-style-ext-preset--group--natural-1--section ext-animate--on has-tertiary-background-color has-background has-global-padding is-layout-constrained wp-container-core-group-is-layout-e955bbaf wp-block-group-is-layout-constrained is-style-ext-preset--group--natural-1--section--3\" style=\"margin-top:0;margin-bottom:0;padding-top:var(--wp--preset--spacing--70);padding-bottom:var(--wp--preset--spacing--70)\">\n<div class=\"wp-block-columns alignwide ext-animate--on is-layout-flex wp-container-core-columns-is-layout-174606dc wp-block-columns-is-layout-flex\">\n<div class=\"wp-block-column is-vertically-aligned-stretch ext-animate--on is-layout-flow wp-container-core-column-is-layout-119bc444 wp-block-column-is-layout-flow\">\n<div class=\"wp-block-cover is-style-ext-preset--image--natural-1--image-1--content-bottom extendify-image-import ext-animate--on is-style-ext-preset--image--natural-1--image-1--content-bottom--4\" style=\"padding-top:0;padding-bottom:0;min-height:100%;aspect-ratio:unset;\"><img loading=\"lazy\" decoding=\"async\" width=\"1024\" height=\"551\" class=\"wp-block-cover__image-background wp-image-87 size-large\" alt=\"\" src=\"https:\/\/tmpinternationalglobal.com\/wp-content\/uploads\/2026\/04\/Puente-Vista-Panoramica-1024x551.webp\" data-object-fit=\"cover\" srcset=\"https:\/\/tmpinternationalglobal.com\/wp-content\/uploads\/2026\/04\/Puente-Vista-Panoramica-1024x551.webp 1024w, https:\/\/tmpinternationalglobal.com\/wp-content\/uploads\/2026\/04\/Puente-Vista-Panoramica-300x161.webp 300w, https:\/\/tmpinternationalglobal.com\/wp-content\/uploads\/2026\/04\/Puente-Vista-Panoramica-768x413.webp 768w, https:\/\/tmpinternationalglobal.com\/wp-content\/uploads\/2026\/04\/Puente-Vista-Panoramica-18x10.webp 18w, https:\/\/tmpinternationalglobal.com\/wp-content\/uploads\/2026\/04\/Puente-Vista-Panoramica.webp 1280w\" sizes=\"auto, (max-width: 1024px) 100vw, 1024px\" \/><span aria-hidden=\"true\" class=\"wp-block-cover__background has-background-dim-0 has-background-dim\" style=\"background-color:#4f6882\"><\/span><div class=\"wp-block-cover__inner-container is-layout-flow wp-block-cover-is-layout-flow\">\n<div style=\"height:240px\" aria-hidden=\"true\" class=\"wp-block-spacer ext-animate--on\"><\/div>\n<\/div><\/div>\n<\/div>\n\n\n\n<div class=\"wp-block-column is-vertically-aligned-center ext-animate--on is-layout-flow wp-block-column-is-layout-flow\">\n<div class=\"wp-block-columns ext-animate--on is-layout-flex wp-container-core-columns-is-layout-87beb0d0 wp-block-columns-is-layout-flex\">\n<div class=\"wp-block-column is-vertically-aligned-stretch ext-animate--on is-layout-flow wp-block-column-is-layout-flow\">\n<div class=\"wp-block-group is-style-ext-preset--group--natural-1--item-card-1--align-start ext-animate--on has-global-padding is-layout-constrained wp-block-group-is-layout-constrained is-style-ext-preset--group--natural-1--item-card-1--align-start--5\">\n<div class=\"wp-block-group is-style-default ext-animate--on has-global-padding is-layout-constrained wp-block-group-is-layout-constrained\">\n<h3 class=\"wp-block-heading ext-animate--on has-secondary-color has-text-color has-link-color has-x-large-font-size wp-elements-0fcfd1a1ed00d236d702fa2a842ef08b\">Experiencias Extraordinarias<\/h3>\n\n\n\n<p class=\"ext-animate--on\">Ofrecemos m\u00e1s que simples recorridos: dise\u00f1amos experiencias inolvidables en las ciudades m\u00e1s vibrantes de Estados Unidos. Cada tour est\u00e1 pensado para que disfrutes lugares ic\u00f3nicos y rincones ocultos, con gu\u00edas expertos que comparten la cultura e historia local, para vivir cada ciudad como un viajero, no solo como turista.<\/p>\n<\/div>\n<\/div>\n<\/div>\n<\/div>\n<\/div>\n<\/div>\n<\/div>\n\n\n\n<div class=\"wp-block-group alignfull is-style-ext-preset--group--natural-1--section ext-animate--on has-background-background-color has-background has-global-padding is-layout-constrained wp-container-core-group-is-layout-e955bbaf wp-block-group-is-layout-constrained is-style-ext-preset--group--natural-1--section--6\" style=\"margin-top:0;margin-bottom:0;padding-top:var(--wp--preset--spacing--70);padding-bottom:var(--wp--preset--spacing--70)\">\n<div class=\"wp-block-columns alignwide ext-animate--on is-layout-flex wp-container-core-columns-is-layout-174606dc wp-block-columns-is-layout-flex\">\n<div class=\"wp-block-column is-vertically-aligned-center ext-animate--on is-layout-flow wp-block-column-is-layout-flow\">\n<div class=\"wp-block-columns ext-animate--on is-layout-flex wp-container-core-columns-is-layout-87beb0d0 wp-block-columns-is-layout-flex\">\n<div class=\"wp-block-column is-vertically-aligned-stretch ext-animate--on is-layout-flow wp-block-column-is-layout-flow\">\n<div class=\"wp-block-group is-style-ext-preset--group--natural-1--item-card-1--align-start ext-animate--on has-global-padding is-layout-constrained wp-block-group-is-layout-constrained is-style-ext-preset--group--natural-1--item-card-1--align-start--7\">\n<div class=\"wp-block-group is-style-default ext-animate--on has-global-padding is-layout-constrained wp-block-group-is-layout-constrained\">\n<h3 class=\"wp-block-heading ext-animate--on has-secondary-color has-text-color has-link-color has-x-large-font-size wp-elements-ce031b07843f7fe3e878435f07623eec\">Valores<\/h3>\n\n\n\n<p class=\"ext-animate--on\">Nuestros valores gu\u00edan todo lo que hacemos:<\/p>\n\n\n\n<ul class=\"wp-block-list ext-animate--on\">\n<li class=\"ext-animate--on\"><strong>Confianza y Seguridad<\/strong>: Cada tour se organiza con responsabilidad para tu tranquilidad.<\/li>\n\n\n\n<li class=\"ext-animate--on\"><strong>Autenticidad<\/strong>: Queremos que vivas la esencia real de cada ciudad.<\/li>\n\n\n\n<li class=\"ext-animate--on\"><strong>Excelencia en el servicio<\/strong>Buscamos superar tus expectativas en cada detalle.<\/li>\n<\/ul>\n<\/div>\n<\/div>\n<\/div>\n<\/div>\n<\/div>\n\n\n\n<div class=\"wp-block-column is-vertically-aligned-stretch ext-animate--on is-layout-flow wp-container-core-column-is-layout-119bc444 wp-block-column-is-layout-flow\">\n<div class=\"wp-block-cover is-light is-style-ext-preset--image--natural-1--image-1--content-bottom extendify-image-import ext-animate--on is-style-ext-preset--image--natural-1--image-1--content-bottom--8\" style=\"padding-top:0;padding-bottom:0;min-height:100%;aspect-ratio:unset;\"><img loading=\"lazy\" decoding=\"async\" width=\"1024\" height=\"819\" class=\"wp-block-cover__image-background wp-image-83 size-large\" alt=\"\" src=\"https:\/\/tmpinternationalglobal.com\/wp-content\/uploads\/2026\/04\/Mapa-Tour-1024x819.webp\" data-object-fit=\"cover\" srcset=\"https:\/\/tmpinternationalglobal.com\/wp-content\/uploads\/2026\/04\/Mapa-Tour-1024x819.webp 1024w, https:\/\/tmpinternationalglobal.com\/wp-content\/uploads\/2026\/04\/Mapa-Tour-300x240.webp 300w, https:\/\/tmpinternationalglobal.com\/wp-content\/uploads\/2026\/04\/Mapa-Tour-768x614.webp 768w, https:\/\/tmpinternationalglobal.com\/wp-content\/uploads\/2026\/04\/Mapa-Tour-15x12.webp 15w, https:\/\/tmpinternationalglobal.com\/wp-content\/uploads\/2026\/04\/Mapa-Tour.webp 1280w\" sizes=\"auto, (max-width: 1024px) 100vw, 1024px\" \/><span aria-hidden=\"true\" class=\"wp-block-cover__background has-background-dim-0 has-background-dim\" style=\"background-color:#c1b8ab\"><\/span><div class=\"wp-block-cover__inner-container is-layout-flow wp-block-cover-is-layout-flow\">\n<div style=\"height:240px\" aria-hidden=\"true\" class=\"wp-block-spacer ext-animate--on\"><\/div>\n<\/div><\/div>\n<\/div>\n<\/div>\n<\/div>","protected":false},"excerpt":{"rendered":"<p>Our Mission TMP International Global is dedicated to crafting immersive urban tours that celebrate the culture, history, and soul of each city. Our mission is to connect travelers with authentic local experiences, guided by a passion for storytelling and cultural appreciation. Founded on principles of respect, curiosity, and excellence, we strive to create memorable journeys [&hellip;]<\/p>\n","protected":false},"author":1,"featured_media":0,"parent":0,"menu_order":0,"comment_status":"closed","ping_status":"closed","template":"page-with-title","meta":{"_monsterinsights_skip_tracking":false,"_monsterinsights_sitenote_active":false,"_monsterinsights_sitenote_note":"","_monsterinsights_sitenote_category":0,"footnotes":""},"class_list":["post-27","page","type-page","status-publish","hentry"],"_links":{"self":[{"href":"https:\/\/tmpinternationalglobal.com\/es\/wp-json\/wp\/v2\/pages\/27","targetHints":{"allow":["GET"]}}],"collection":[{"href":"https:\/\/tmpinternationalglobal.com\/es\/wp-json\/wp\/v2\/pages"}],"about":[{"href":"https:\/\/tmpinternationalglobal.com\/es\/wp-json\/wp\/v2\/types\/page"}],"author":[{"embeddable":true,"href":"https:\/\/tmpinternationalglobal.com\/es\/wp-json\/wp\/v2\/users\/1"}],"replies":[{"embeddable":true,"href":"https:\/\/tmpinternationalglobal.com\/es\/wp-json\/wp\/v2\/comments?post=27"}],"version-history":[{"count":3,"href":"https:\/\/tmpinternationalglobal.com\/es\/wp-json\/wp\/v2\/pages\/27\/revisions"}],"predecessor-version":[{"id":122,"href":"https:\/\/tmpinternationalglobal.com\/es\/wp-json\/wp\/v2\/pages\/27\/revisions\/122"}],"wp:attachment":[{"href":"https:\/\/tmpinternationalglobal.com\/es\/wp-json\/wp\/v2\/media?parent=27"}],"curies":[{"name":"wp","href":"https:\/\/api.w.org\/{rel}","templated":true}]}}