{"id":68,"date":"2026-04-15T03:00:47","date_gmt":"2026-04-15T03:00:47","guid":{"rendered":"https:\/\/tmpinternationalglobal.com\/?page_id=68"},"modified":"2026-04-15T05:51:12","modified_gmt":"2026-04-15T05:51:12","slug":"faq","status":"publish","type":"page","link":"https:\/\/tmpinternationalglobal.com\/es\/faq\/","title":{"rendered":"Preguntas y Respuestas"},"content":{"rendered":"<div class=\"wp-block-group alignfull is-style-ext-preset--group--natural-1--section has-background-background-color has-background has-global-padding is-layout-constrained wp-container-core-group-is-layout-e955bbaf wp-block-group-is-layout-constrained is-style-ext-preset--group--natural-1--section--1\" id=\"faq\" style=\"margin-top:0;margin-bottom:0;padding-top:var(--wp--preset--spacing--70);padding-bottom:var(--wp--preset--spacing--70)\">\n<div class=\"wp-block-group alignwide ext-is-logical-start has-global-padding is-content-justification-left is-layout-constrained wp-container-core-group-is-layout-20186816 wp-block-group-is-layout-constrained\">\n<h2 class=\"wp-block-heading ext-animate--on\">Explora ciudades con tours personalizados e inmersivos<\/h2>\n\n\n\n<p class=\"ext-animate--on\">Encuentra respuestas claras y concisas a las preguntas m\u00e1s frecuentes para ayudarte a planificar tu viaje.<\/p>\n<\/div>\n\n\n\n<div class=\"wp-block-columns alignwide is-layout-flex wp-container-core-columns-is-layout-08c01c1c wp-block-columns-is-layout-flex\">\n<div class=\"wp-block-column ext-animate--on is-layout-flow wp-container-core-column-is-layout-119bc444 wp-block-column-is-layout-flow\">\n<div class=\"wp-block-group is-style-ext-preset--group--natural-1--item-card-1--align-start has-global-padding is-layout-constrained wp-block-group-is-layout-constrained is-style-ext-preset--group--natural-1--item-card-1--align-start--2\">\n<div class=\"wp-block-group is-style-default has-global-padding is-layout-constrained wp-block-group-is-layout-constrained\">\n<h3 class=\"wp-block-heading\">\u00bfC\u00f3mo reservo un tour urbano personalizado con TMP International Global?<\/h3>\n\n\n\n<p>Reservar es f\u00e1cil: elige tu ciudad y la experiencia que prefieras, luego reserva en l\u00ednea o cont\u00e1ctanos directamente.<\/p>\n<\/div>\n<\/div>\n<\/div>\n\n\n\n<div class=\"wp-block-column ext-animate--on is-layout-flow wp-container-core-column-is-layout-119bc444 wp-block-column-is-layout-flow\">\n<div class=\"wp-block-group is-style-ext-preset--group--natural-1--item-card-1--align-start has-global-padding is-layout-constrained wp-block-group-is-layout-constrained is-style-ext-preset--group--natural-1--item-card-1--align-start--3\">\n<div class=\"wp-block-group is-style-default has-global-padding is-layout-constrained wp-block-group-is-layout-constrained\">\n<h3 class=\"wp-block-heading\">\u00bfHay tours disponibles en ingl\u00e9s y espa\u00f1ol?<\/h3>\n\n\n\n<p>S\u00ed, todos nuestros tours y materiales son biling\u00fces para garantizar una experiencia inclusiva para todos los participantes.<\/p>\n<\/div>\n<\/div>\n<\/div>\n<\/div>\n\n\n\n<div class=\"wp-block-columns alignwide is-layout-flex wp-container-core-columns-is-layout-967d05ff wp-block-columns-is-layout-flex\" style=\"margin-top:var(--wp--preset--spacing--40)\">\n<div class=\"wp-block-column ext-animate--on is-layout-flow wp-container-core-column-is-layout-119bc444 wp-block-column-is-layout-flow\">\n<div class=\"wp-block-group is-style-ext-preset--group--natural-1--item-card-1--align-start has-global-padding is-layout-constrained wp-block-group-is-layout-constrained is-style-ext-preset--group--natural-1--item-card-1--align-start--4\">\n<div class=\"wp-block-group is-style-default has-global-padding is-layout-constrained wp-block-group-is-layout-constrained\">\n<h3 class=\"wp-block-heading\">\u00bfQu\u00e9 medidas de seguridad se implementan durante los tours?<\/h3>\n\n\n\n<p>Seguimos todas las normas sanitarias locales y garantizamos grupos peque\u00f1os para una experiencia segura y agradable.<\/p>\n<\/div>\n<\/div>\n<\/div>\n\n\n\n<div class=\"wp-block-column ext-animate--on is-layout-flow wp-container-core-column-is-layout-119bc444 wp-block-column-is-layout-flow\">\n<div class=\"wp-block-group is-style-ext-preset--group--natural-1--item-card-1--align-start has-global-padding is-layout-constrained wp-block-group-is-layout-constrained is-style-ext-preset--group--natural-1--item-card-1--align-start--5\">\n<div class=\"wp-block-group is-style-default has-global-padding is-layout-constrained wp-block-group-is-layout-constrained\">\n<h3 class=\"wp-block-heading\">\u00bfPuedo personalizar el itinerario del tour?<\/h3>\n\n\n\n<p>Por supuesto, adaptamos cada tour a tus intereses y ritmo para crear una aventura \u00fanica.<\/p>\n<\/div>\n<\/div>\n<\/div>\n<\/div>\n\n\n\n<div class=\"wp-block-columns alignwide is-layout-flex wp-container-core-columns-is-layout-967d05ff wp-block-columns-is-layout-flex\" style=\"margin-top:var(--wp--preset--spacing--40)\">\n<div class=\"wp-block-column ext-animate--on is-layout-flow wp-container-core-column-is-layout-119bc444 wp-block-column-is-layout-flow\">\n<div class=\"wp-block-group is-style-ext-preset--group--natural-1--item-card-1--align-start has-global-padding is-layout-constrained wp-block-group-is-layout-constrained is-style-ext-preset--group--natural-1--item-card-1--align-start--6\">\n<div class=\"wp-block-group is-style-default has-global-padding is-layout-constrained wp-block-group-is-layout-constrained\">\n<h3 class=\"wp-block-heading\">\u00bfCu\u00e1l es la pol\u00edtica de cancelaci\u00f3n de reservas?<\/h3>\n\n\n\n<p>Las cancelaciones realizadas 48 horas antes del tour reciben un reembolso completo; las cancelaciones posteriores est\u00e1n sujetas a cargos.<\/p>\n<\/div>\n<\/div>\n<\/div>\n\n\n\n<div class=\"wp-block-column ext-animate--on is-layout-flow wp-container-core-column-is-layout-119bc444 wp-block-column-is-layout-flow\">\n<div class=\"wp-block-group is-style-ext-preset--group--natural-1--item-card-1--align-start has-global-padding is-layout-constrained wp-block-group-is-layout-constrained is-style-ext-preset--group--natural-1--item-card-1--align-start--7\">\n<div class=\"wp-block-group is-style-default has-global-padding is-layout-constrained wp-block-group-is-layout-constrained\">\n<h3 class=\"wp-block-heading\">\u00bfAceptan reservas para grupos?<\/h3>\n\n\n\n<p>S\u00ed, nos especializamos en experiencias grupales inmersivas y podemos personalizar tours para cualquier tama\u00f1o de grupo.<\/p>\n<\/div>\n<\/div>\n<\/div>\n<\/div>\n<\/div>\n\n\n\n\n\n<div class=\"wp-block-group alignfull is-style-ext-preset--group--natural-1--section has-tertiary-background-color has-background has-global-padding is-layout-constrained wp-container-core-group-is-layout-e955bbaf wp-block-group-is-layout-constrained is-style-ext-preset--group--natural-1--section--12\" style=\"margin-top:0;margin-bottom:0;padding-top:var(--wp--preset--spacing--70);padding-bottom:var(--wp--preset--spacing--70)\">\n<h2 class=\"wp-block-heading has-text-align-center ext-animate--on\">Vive experiencias urbanas inmersivas como nunca antes<\/h2>\n\n\n\n<p class=\"has-text-align-center ext-animate--on\" style=\"margin-top:1.5rem\">Descubre c\u00f3mo nuestras experiencias urbanas \u00fanicas te conectan profundamente con la cultura e historia de cada ciudad.<\/p>\n\n\n\n<div class=\"wp-block-columns alignwide is-layout-flex wp-container-core-columns-is-layout-08c01c1c wp-block-columns-is-layout-flex\">\n<div class=\"wp-block-column is-vertically-aligned-stretch ext-animate--on is-layout-flow wp-container-core-column-is-layout-f5bb311e wp-block-column-is-layout-flow\">\n<div class=\"wp-block-group is-style-ext-preset--group--natural-1--item-card-1--align-center has-global-padding is-layout-constrained wp-block-group-is-layout-constrained is-style-ext-preset--group--natural-1--item-card-1--align-center--13\">\n<figure class=\"wp-block-image aligncenter size-full ext-aspect-landscape extendify-image-import\"><img loading=\"lazy\" decoding=\"async\" width=\"800\" height=\"800\" src=\"https:\/\/tmpinternationalglobal.com\/wp-content\/uploads\/2026\/04\/Usa-cultural.webp\" alt=\"\" class=\"wp-image-133\" style=\"aspect-ratio:4\/3;object-fit:cover\" srcset=\"https:\/\/tmpinternationalglobal.com\/wp-content\/uploads\/2026\/04\/Usa-cultural.webp 800w, https:\/\/tmpinternationalglobal.com\/wp-content\/uploads\/2026\/04\/Usa-cultural-300x300.webp 300w, https:\/\/tmpinternationalglobal.com\/wp-content\/uploads\/2026\/04\/Usa-cultural-150x150.webp 150w, https:\/\/tmpinternationalglobal.com\/wp-content\/uploads\/2026\/04\/Usa-cultural-768x768.webp 768w, https:\/\/tmpinternationalglobal.com\/wp-content\/uploads\/2026\/04\/Usa-cultural-12x12.webp 12w\" sizes=\"auto, (max-width: 800px) 100vw, 800px\" \/><\/figure>\n\n\n\n<div class=\"wp-block-group is-style-default has-global-padding is-layout-constrained wp-block-group-is-layout-constrained\">\n<h3 class=\"wp-block-heading has-text-align-center\">Conexiones culturales aut\u00e9nticas<\/h3>\n\n\n\n<p class=\"has-text-align-center\">Sum\u00e9rgete en las tradiciones e historias locales que dan vida al esp\u00edritu de cada ciudad, haciendo que cada recorrido sea inolvidable.<\/p>\n<\/div>\n<\/div>\n<\/div>\n\n\n\n<div class=\"wp-block-column is-vertically-aligned-stretch ext-animate--on is-layout-flow wp-container-core-column-is-layout-f5bb311e wp-block-column-is-layout-flow\">\n<div class=\"wp-block-group is-style-ext-preset--group--natural-1--item-card-1--align-center has-global-padding is-layout-constrained wp-block-group-is-layout-constrained is-style-ext-preset--group--natural-1--item-card-1--align-center--14\">\n<figure class=\"wp-block-image aligncenter size-large ext-aspect-landscape extendify-image-import\"><img loading=\"lazy\" decoding=\"async\" width=\"809\" height=\"1024\" src=\"https:\/\/tmpinternationalglobal.com\/wp-content\/uploads\/2026\/04\/photo-1534800891164-a1d96b5114e7-809x1024.avif\" alt=\"\" class=\"wp-image-86\" style=\"aspect-ratio:4\/3;object-fit:cover\" srcset=\"https:\/\/tmpinternationalglobal.com\/wp-content\/uploads\/2026\/04\/photo-1534800891164-a1d96b5114e7-809x1024.avif 809w, https:\/\/tmpinternationalglobal.com\/wp-content\/uploads\/2026\/04\/photo-1534800891164-a1d96b5114e7-237x300.avif 237w, https:\/\/tmpinternationalglobal.com\/wp-content\/uploads\/2026\/04\/photo-1534800891164-a1d96b5114e7-768x972.avif 768w, https:\/\/tmpinternationalglobal.com\/wp-content\/uploads\/2026\/04\/photo-1534800891164-a1d96b5114e7-1214x1536.avif 1214w, https:\/\/tmpinternationalglobal.com\/wp-content\/uploads\/2026\/04\/photo-1534800891164-a1d96b5114e7-9x12.avif 9w, https:\/\/tmpinternationalglobal.com\/wp-content\/uploads\/2026\/04\/photo-1534800891164-a1d96b5114e7.avif 1280w\" sizes=\"auto, (max-width: 809px) 100vw, 809px\" \/><\/figure>\n\n\n\n<div class=\"wp-block-group is-style-default has-global-padding is-layout-constrained wp-block-group-is-layout-constrained\">\n<h3 class=\"wp-block-heading has-text-align-center\">Gu\u00edas locales expertos<\/h3>\n\n\n\n<p class=\"has-text-align-center\">Benef\u00edciate de gu\u00edas expertos que comparten informaci\u00f3n privilegiada, enriqueciendo tu comprensi\u00f3n y disfrute.<\/p>\n<\/div>\n<\/div>\n<\/div>\n\n\n\n<div class=\"wp-block-column is-vertically-aligned-stretch ext-animate--on is-layout-flow wp-container-core-column-is-layout-f5bb311e wp-block-column-is-layout-flow\">\n<div class=\"wp-block-group is-style-ext-preset--group--natural-1--item-card-1--align-center has-global-padding is-layout-constrained wp-block-group-is-layout-constrained is-style-ext-preset--group--natural-1--item-card-1--align-center--15\">\n<figure class=\"wp-block-image aligncenter size-large ext-aspect-landscape extendify-image-import\"><img loading=\"lazy\" decoding=\"async\" width=\"1024\" height=\"683\" src=\"https:\/\/tmpinternationalglobal.com\/wp-content\/uploads\/2026\/04\/AP_River_Cruise_1_nlukl0-1024x683.avif\" alt=\"\" class=\"wp-image-132\" style=\"aspect-ratio:4\/3;object-fit:cover\" srcset=\"https:\/\/tmpinternationalglobal.com\/wp-content\/uploads\/2026\/04\/AP_River_Cruise_1_nlukl0-1024x683.avif 1024w, https:\/\/tmpinternationalglobal.com\/wp-content\/uploads\/2026\/04\/AP_River_Cruise_1_nlukl0-300x200.avif 300w, https:\/\/tmpinternationalglobal.com\/wp-content\/uploads\/2026\/04\/AP_River_Cruise_1_nlukl0-768x512.avif 768w, https:\/\/tmpinternationalglobal.com\/wp-content\/uploads\/2026\/04\/AP_River_Cruise_1_nlukl0-1536x1024.avif 1536w, https:\/\/tmpinternationalglobal.com\/wp-content\/uploads\/2026\/04\/AP_River_Cruise_1_nlukl0-18x12.avif 18w, https:\/\/tmpinternationalglobal.com\/wp-content\/uploads\/2026\/04\/AP_River_Cruise_1_nlukl0.avif 1800w\" sizes=\"auto, (max-width: 1024px) 100vw, 1024px\" \/><\/figure>\n\n\n\n<div class=\"wp-block-group is-style-default has-global-padding is-layout-constrained wp-block-group-is-layout-constrained\">\n<h3 class=\"wp-block-heading\">Accesibilidad biling\u00fce<\/h3>\n\n\n\n<p class=\"has-text-align-center\">Disfruta de recorridos y contenido detallados disponibles en ingl\u00e9s y espa\u00f1ol, para una experiencia c\u00f3moda para todos.<\/p>\n<\/div>\n<\/div>\n<\/div>\n<\/div>\n\n\n\n<div class=\"wp-block-buttons ext-animate--on is-content-justification-center is-layout-flex wp-container-core-buttons-is-layout-a89b3969 wp-block-buttons-is-layout-flex\">\n<div class=\"wp-block-button is-style-ext-preset--button--natural-1--button-1 is-style-ext-preset--button--natural-1--button-1--16\"><a class=\"wp-block-button__link wp-element-button\" href=\"\/es\/services\/\">Descubre nuestros recorridos<\/a><\/div>\n<\/div>\n<\/div>","protected":false},"excerpt":{"rendered":"<p>Explore Cities with Customized, Immersive Tours Find clear, concise answers to frequently asked questions to assist your planning. How do I book a personalized urban tour with TMP International Global? Booking is easy\u2014choose your city and preferred experience, then reserve online or contact us directly. Are tours available in both English and Spanish? Yes, all [&hellip;]<\/p>\n","protected":false},"author":1,"featured_media":0,"parent":0,"menu_order":0,"comment_status":"closed","ping_status":"closed","template":"page-with-title","meta":{"_monsterinsights_skip_tracking":false,"_monsterinsights_sitenote_active":false,"_monsterinsights_sitenote_note":"","_monsterinsights_sitenote_category":0,"footnotes":""},"class_list":["post-68","page","type-page","status-publish","hentry"],"_links":{"self":[{"href":"https:\/\/tmpinternationalglobal.com\/es\/wp-json\/wp\/v2\/pages\/68","targetHints":{"allow":["GET"]}}],"collection":[{"href":"https:\/\/tmpinternationalglobal.com\/es\/wp-json\/wp\/v2\/pages"}],"about":[{"href":"https:\/\/tmpinternationalglobal.com\/es\/wp-json\/wp\/v2\/types\/page"}],"author":[{"embeddable":true,"href":"https:\/\/tmpinternationalglobal.com\/es\/wp-json\/wp\/v2\/users\/1"}],"replies":[{"embeddable":true,"href":"https:\/\/tmpinternationalglobal.com\/es\/wp-json\/wp\/v2\/comments?post=68"}],"version-history":[{"count":3,"href":"https:\/\/tmpinternationalglobal.com\/es\/wp-json\/wp\/v2\/pages\/68\/revisions"}],"predecessor-version":[{"id":134,"href":"https:\/\/tmpinternationalglobal.com\/es\/wp-json\/wp\/v2\/pages\/68\/revisions\/134"}],"wp:attachment":[{"href":"https:\/\/tmpinternationalglobal.com\/es\/wp-json\/wp\/v2\/media?parent=68"}],"curies":[{"name":"wp","href":"https:\/\/api.w.org\/{rel}","templated":true}]}}